{"id":13108,"date":"2024-06-25T15:48:34","date_gmt":"2024-06-25T13:48:34","guid":{"rendered":"https:\/\/alpesformations.fr\/entreprises\/?page_id=13108"},"modified":"2025-05-06T10:31:06","modified_gmt":"2025-05-06T08:31:06","slug":"formation-en-prevention","status":"publish","type":"page","link":"https:\/\/alpesformations.fr\/entreprises\/formation-en-prevention\/","title":{"rendered":"FORMATION EN PR\u00c9VENTION"},"content":{"rendered":"\t\t<div data-elementor-type=\"wp-page\" data-elementor-id=\"13108\" class=\"elementor elementor-13108\">\n\t\t\t\t\t\t<section class=\"wd-negative-gap elementor-section elementor-top-section elementor-element elementor-element-41f12f85 elementor-section-content-middle wd-section-stretch elementor-reverse-mobile elementor-section-boxed elementor-section-height-default elementor-section-height-default\" data-id=\"41f12f85\" data-element_type=\"section\" data-settings=\"{&quot;background_background&quot;:&quot;classic&quot;,&quot;ekit_has_onepagescroll_dot&quot;:&quot;yes&quot;}\">\n\t\t\t\t\t\t<div class=\"elementor-container elementor-column-gap-wider\">\n\t\t\t\t\t<div class=\"elementor-column elementor-col-100 elementor-top-column elementor-element elementor-element-659bf87f wd_sticky_offset_50 wd-elementor-sticky-column\" data-id=\"659bf87f\" data-element_type=\"column\">\n\t\t\t<div class=\"elementor-widget-wrap elementor-element-populated\">\n\t\t\t\t\t\t<div class=\"elementor-element elementor-element-326a7d1a elementor-widget__width-auto elementor-widget elementor-widget-wd_infobox\" data-id=\"326a7d1a\" data-element_type=\"widget\" data-settings=\"{&quot;ekit_we_effect_on&quot;:&quot;none&quot;}\" data-widget_type=\"wd_infobox.default\">\n\t\t\t\t<div class=\"elementor-widget-container\">\n\t\t\t\t\t\t<link rel=\"stylesheet\" id=\"wd-info-box-css\" href=\"https:\/\/alpesformations.fr\/entreprises\/wp-content\/themes\/woodmart\/css\/parts\/el-info-box.min.css?ver=7.3.2\" type=\"text\/css\" media=\"all\" \/> \t\t\t\t\t<div class=\"info-box-wrapper\">\n\t\t\t<div class=\"wd-info-box text-left box-icon-align-left box-style-base color-scheme- wd-items-middle\"  style=\"\">\n\t\t\t\t\t\t\t\t\t<div class=\"box-icon-wrapper  box-with-icon box-icon-simple\">\n\t\t\t\t\t\t<div class=\"info-box-icon\">\n\t\t\t\t\t\t\t\t\t\t\t\t\t\t\t<img decoding=\"async\" width=\"30\" height=\"30\" src=\"https:\/\/alpesformations.fr\/entreprises\/wp-content\/uploads\/2024\/06\/alpes-formation-icon-1-30x30.png\" class=\"attachment-x30 size-x30\" alt=\"\" srcset=\"https:\/\/alpesformations.fr\/entreprises\/wp-content\/uploads\/2024\/06\/alpes-formation-icon-1-30x30.png 30w, https:\/\/alpesformations.fr\/entreprises\/wp-content\/uploads\/2024\/06\/alpes-formation-icon-1-300x300.png 300w, https:\/\/alpesformations.fr\/entreprises\/wp-content\/uploads\/2024\/06\/alpes-formation-icon-1-150x150.png 150w, https:\/\/alpesformations.fr\/entreprises\/wp-content\/uploads\/2024\/06\/alpes-formation-icon-1.png 677w\" sizes=\"(max-width: 30px) 100vw, 30px\" \/>\t\t\t\t\t\t\t\t\t\t\t\t\t<\/div>\n\t\t\t\t\t<\/div>\n\t\t\t\t\n\t\t\t\t<div class=\"info-box-content\">\n\t\t\t\t\t\n\t\t\t\t\t\t\t\t\t\t\t<h1\t\t\t\t\t\tclass=\"info-box-title title box-title-style-default wd-fontsize-m\" data-elementor-setting-key=\"title\">\n\t\t\t\t\t\t\t\tFormation en pr\u00e9vention\t\t\t\t\t\t<\/h1>\n\t\t\t\t\t\n\t\t\t\t\t<div class=\"info-box-inner set-cont-mb-s reset-last-child\"data-elementor-setting-key=\"content\"><\/div>\n\t\n\t\t\t\t\t\t\t\t\t<\/div>\n\t\t\t<\/div>\n\t\t<\/div>\n\t\t\t\t<\/div>\n\t\t\t\t<\/div>\n\t\t\t\t<div class=\"elementor-element elementor-element-1263d2a4 elementor-widget__width-initial elementor-widget-divider--view-line elementor-widget elementor-widget-divider\" data-id=\"1263d2a4\" data-element_type=\"widget\" data-settings=\"{&quot;ekit_we_effect_on&quot;:&quot;none&quot;}\" data-widget_type=\"divider.default\">\n\t\t\t\t<div class=\"elementor-widget-container\">\n\t\t\t\t\t<div class=\"elementor-divider\">\n\t\t\t<span class=\"elementor-divider-separator\">\n\t\t\t\t\t\t<\/span>\n\t\t<\/div>\n\t\t\t\t<\/div>\n\t\t\t\t<\/div>\n\t\t\t\t\t<\/div>\n\t\t<\/div>\n\t\t\t\t\t<\/div>\n\t\t<\/section>\n\t\t\t\t<section class=\"wd-negative-gap elementor-section elementor-top-section elementor-element elementor-element-6f36ca2 elementor-section-content-middle wd-section-stretch elementor-reverse-mobile elementor-section-boxed elementor-section-height-default elementor-section-height-default\" data-id=\"6f36ca2\" data-element_type=\"section\" data-settings=\"{&quot;background_background&quot;:&quot;classic&quot;,&quot;ekit_has_onepagescroll_dot&quot;:&quot;yes&quot;}\">\n\t\t\t\t\t\t<div class=\"elementor-container elementor-column-gap-wider\">\n\t\t\t\t\t<div class=\"elementor-column elementor-col-100 elementor-top-column elementor-element elementor-element-8d2abfb wd_sticky_offset_50 wd-elementor-sticky-column\" data-id=\"8d2abfb\" data-element_type=\"column\">\n\t\t\t<div class=\"elementor-widget-wrap elementor-element-populated\">\n\t\t\t\t\t\t<section class=\"wd-negative-gap elementor-section elementor-inner-section elementor-element elementor-element-7eb7bc0 elementor-section-boxed elementor-section-height-default elementor-section-height-default wd-section-disabled\" data-id=\"7eb7bc0\" data-element_type=\"section\" data-settings=\"{&quot;ekit_has_onepagescroll_dot&quot;:&quot;yes&quot;}\">\n\t\t\t\t\t\t<div class=\"elementor-container elementor-column-gap-default\">\n\t\t\t\t\t<div class=\"elementor-column elementor-col-50 elementor-inner-column elementor-element elementor-element-79b345e\" data-id=\"79b345e\" data-element_type=\"column\">\n\t\t\t<div class=\"elementor-widget-wrap elementor-element-populated\">\n\t\t\t\t\t\t<div class=\"elementor-element elementor-element-33a8aa6 elementor-widget elementor-widget-elementskit-image-hover-effect\" data-id=\"33a8aa6\" data-element_type=\"widget\" data-settings=\"{&quot;ekit_we_effect_on&quot;:&quot;none&quot;}\" data-widget_type=\"elementskit-image-hover-effect.default\">\n\t\t\t\t<div class=\"elementor-widget-container\">\n\t\t\t<div class=\"ekit-wid-con\" >\t\t\t<div class=\"ekit_image_hover\">\n\t\t\t\t<div class=\"ekit_creative_image_hover ekit_image_blind ekit_image_blind_horizontal\">\n\t\t\t\t\t<div class=\"ekit_overlay_inner\"><\/div>\n\t\t\t\t\t<a class=\"ekit-wrapper-link\" href=\"https:\/\/alpesformations.fr\/entreprises\/formation-en-prevention\/formation-au-document-unique\/\"><\/a>\t\t\t\t\t<div class=\"ekit_image_caption ekit_text_none  elementor-animation-shrink\" >\n\t\t\t\t\t\t<h2 class=\"ekit_image_caption_title   \" data-settings=\"{&quot;_animation&quot;:&quot;&quot;}\">\n\t\t\t\t\t\t\tFORMATION AU DOCUMENT UNIQUE\t\t\t\t\t\t<\/h2>\n\t\t\t\t\t\t<p class=\"ekit_image_caption_description   \" data-settings=\"{&quot;_animation&quot;:&quot;&quot;}\">\n\t\t\t\t\t\t\t\t\t\t\t\t\t<\/p>\n\t\t\t\t\t\t\t\t\n\t\t\t\t\t<\/div>\t\t\t\n\t\t\t\t<\/div>\n\t\t\t\t<img decoding=\"async\" src=\"https:\/\/alpesformations.fr\/entreprises\/wp-content\/uploads\/elementor\/thumbs\/businessman-signing-the-papers-quyrq8oz3zlu0emm4plptut1toaj9sp85um3d5079s.jpg\" title=\"businessman-signing-the-papers\" alt=\"businessman-signing-the-papers\" loading=\"lazy\" \/>\t\t\t<\/div>\n\t\t<\/div>\t\t<\/div>\n\t\t\t\t<\/div>\n\t\t\t\t\t<\/div>\n\t\t<\/div>\n\t\t\t\t<div class=\"elementor-column elementor-col-50 elementor-inner-column elementor-element elementor-element-715aaf2\" data-id=\"715aaf2\" data-element_type=\"column\">\n\t\t\t<div class=\"elementor-widget-wrap elementor-element-populated\">\n\t\t\t\t\t\t<div class=\"elementor-element elementor-element-d54b0f0 elementor-widget elementor-widget-elementskit-image-hover-effect\" data-id=\"d54b0f0\" data-element_type=\"widget\" data-settings=\"{&quot;ekit_we_effect_on&quot;:&quot;none&quot;}\" data-widget_type=\"elementskit-image-hover-effect.default\">\n\t\t\t\t<div class=\"elementor-widget-container\">\n\t\t\t<div class=\"ekit-wid-con\" >\t\t\t<div class=\"ekit_image_hover\">\n\t\t\t\t<div class=\"ekit_creative_image_hover ekit_image_blind ekit_image_blind_horizontal\">\n\t\t\t\t\t<div class=\"ekit_overlay_inner\"><\/div>\n\t\t\t\t\t<a class=\"ekit-wrapper-link\" href=\"https:\/\/alpesformations.fr\/entreprises\/formation-en-prevention\/formation-document-unique-et-audit-de-votre-entreprise\/\"><\/a>\t\t\t\t\t<div class=\"ekit_image_caption ekit_text_none  elementor-animation-shrink\" >\n\t\t\t\t\t\t<h2 class=\"ekit_image_caption_title   \" data-settings=\"{&quot;_animation&quot;:&quot;&quot;}\">\n\t\t\t\t\t\t\tFormation Document Unique et Audit\t\t\t\t\t\t<\/h2>\n\t\t\t\t\t\t<p class=\"ekit_image_caption_description   \" data-settings=\"{&quot;_animation&quot;:&quot;&quot;}\">\n\t\t\t\t\t\t\t\t\t\t\t\t\t<\/p>\n\t\t\t\t\t\t\t\t\n\t\t\t\t\t<\/div>\t\t\t\n\t\t\t\t<\/div>\n\t\t\t\t<img decoding=\"async\" src=\"https:\/\/alpesformations.fr\/entreprises\/wp-content\/uploads\/elementor\/thumbs\/business-woman-or-accountant-making-working-audit-finance-and-accounting-concept-quyrqaknhnoenmjvtqeyyubz0g19p6wou3x2boxexc.jpg\" title=\"business-woman-or-accountant-making-working-audit-finance-and-accounting-concept\" alt=\"business-woman-or-accountant-making-working-audit-finance-and-accounting-concept\" loading=\"lazy\" \/>\t\t\t<\/div>\n\t\t<\/div>\t\t<\/div>\n\t\t\t\t<\/div>\n\t\t\t\t\t<\/div>\n\t\t<\/div>\n\t\t\t\t\t<\/div>\n\t\t<\/section>\n\t\t\t\t<section class=\"wd-negative-gap elementor-section elementor-inner-section elementor-element elementor-element-ea661b1 elementor-section-boxed elementor-section-height-default elementor-section-height-default wd-section-disabled\" data-id=\"ea661b1\" data-element_type=\"section\" data-settings=\"{&quot;ekit_has_onepagescroll_dot&quot;:&quot;yes&quot;}\">\n\t\t\t\t\t\t<div class=\"elementor-container elementor-column-gap-default\">\n\t\t\t\t\t<div class=\"elementor-column elementor-col-50 elementor-inner-column elementor-element elementor-element-2ea0cda\" data-id=\"2ea0cda\" data-element_type=\"column\">\n\t\t\t<div class=\"elementor-widget-wrap elementor-element-populated\">\n\t\t\t\t\t\t<div class=\"elementor-element elementor-element-c2a75c4 elementor-widget elementor-widget-elementskit-image-hover-effect\" data-id=\"c2a75c4\" data-element_type=\"widget\" data-settings=\"{&quot;ekit_we_effect_on&quot;:&quot;none&quot;}\" data-widget_type=\"elementskit-image-hover-effect.default\">\n\t\t\t\t<div class=\"elementor-widget-container\">\n\t\t\t<div class=\"ekit-wid-con\" >\t\t\t<div class=\"ekit_image_hover\">\n\t\t\t\t<div class=\"ekit_creative_image_hover ekit_image_blind ekit_image_blind_horizontal\">\n\t\t\t\t\t<div class=\"ekit_overlay_inner\"><\/div>\n\t\t\t\t\t<a class=\"ekit-wrapper-link\" href=\"https:\/\/alpesformations.fr\/entreprises\/formation-en-prevention\/formation-referent-sante-et-securite-au-travail\/\"><\/a>\t\t\t\t\t<div class=\"ekit_image_caption ekit_text_none  elementor-animation-shrink\" >\n\t\t\t\t\t\t<h2 class=\"ekit_image_caption_title   \" data-settings=\"{&quot;_animation&quot;:&quot;&quot;}\">\n\t\t\t\t\t\t\tFormation R\u00e9f\u00e9rent Sant\u00e9 et S\u00e9curit\u00e9 au Travail\t\t\t\t\t\t<\/h2>\n\t\t\t\t\t\t<p class=\"ekit_image_caption_description   \" data-settings=\"{&quot;_animation&quot;:&quot;&quot;}\">\n\t\t\t\t\t\t\t\t\t\t\t\t\t<\/p>\n\t\t\t\t\t\t\t\t\n\t\t\t\t\t<\/div>\t\t\t\n\t\t\t\t<\/div>\n\t\t\t\t<img decoding=\"async\" src=\"https:\/\/alpesformations.fr\/entreprises\/wp-content\/uploads\/elementor\/thumbs\/work-safety-helmet-casting-a-shadow-of-buildings-quyrqlupro3uiy3hzvahsrhi52ho9k5gvnqw30gouo.jpg\" title=\"work-safety-helmet-casting-a-shadow-of-buildings\" alt=\"work-safety-helmet-casting-a-shadow-of-buildings\" loading=\"lazy\" \/>\t\t\t<\/div>\n\t\t<\/div>\t\t<\/div>\n\t\t\t\t<\/div>\n\t\t\t\t\t<\/div>\n\t\t<\/div>\n\t\t\t\t<div class=\"elementor-column elementor-col-50 elementor-inner-column elementor-element elementor-element-4a4d015\" data-id=\"4a4d015\" data-element_type=\"column\">\n\t\t\t<div class=\"elementor-widget-wrap elementor-element-populated\">\n\t\t\t\t\t\t<div class=\"elementor-element elementor-element-bbac869 elementor-widget elementor-widget-elementskit-image-hover-effect\" data-id=\"bbac869\" data-element_type=\"widget\" data-settings=\"{&quot;ekit_we_effect_on&quot;:&quot;none&quot;}\" data-widget_type=\"elementskit-image-hover-effect.default\">\n\t\t\t\t<div class=\"elementor-widget-container\">\n\t\t\t<div class=\"ekit-wid-con\" >\t\t\t<div class=\"ekit_image_hover\">\n\t\t\t\t<div class=\"ekit_creative_image_hover ekit_image_blind ekit_image_blind_horizontal\">\n\t\t\t\t\t<div class=\"ekit_overlay_inner\"><\/div>\n\t\t\t\t\t<a class=\"ekit-wrapper-link\" href=\"https:\/\/alpesformations.fr\/entreprises\/formation-en-prevention\/formation-risques-chimiques-2\/\"><\/a>\t\t\t\t\t<div class=\"ekit_image_caption ekit_text_none  elementor-animation-shrink\" >\n\t\t\t\t\t\t<h2 class=\"ekit_image_caption_title   \" data-settings=\"{&quot;_animation&quot;:&quot;&quot;}\">\n\t\t\t\t\t\t\tFormation Risques Chimiques\t\t\t\t\t\t<\/h2>\n\t\t\t\t\t\t<p class=\"ekit_image_caption_description   \" data-settings=\"{&quot;_animation&quot;:&quot;&quot;}\">\n\t\t\t\t\t\t\t\t\t\t\t\t\t<\/p>\n\t\t\t\t\t\t\t\t\n\t\t\t\t\t<\/div>\t\t\t\n\t\t\t\t<\/div>\n\t\t\t\t<img decoding=\"async\" src=\"https:\/\/alpesformations.fr\/entreprises\/wp-content\/uploads\/elementor\/thumbs\/chemical-research-laboratory-quyrqde625s9mgfsd9muobmcslndca7vuhvirit8eo.jpg\" title=\"chemical-research-laboratory\" alt=\"chemical-research-laboratory\" loading=\"lazy\" \/>\t\t\t<\/div>\n\t\t<\/div>\t\t<\/div>\n\t\t\t\t<\/div>\n\t\t\t\t\t<\/div>\n\t\t<\/div>\n\t\t\t\t\t<\/div>\n\t\t<\/section>\n\t\t\t\t<section class=\"wd-negative-gap elementor-section elementor-inner-section elementor-element elementor-element-587e0b8 elementor-section-boxed elementor-section-height-default elementor-section-height-default wd-section-disabled\" data-id=\"587e0b8\" data-element_type=\"section\" data-settings=\"{&quot;ekit_has_onepagescroll_dot&quot;:&quot;yes&quot;}\">\n\t\t\t\t\t\t<div class=\"elementor-container elementor-column-gap-default\">\n\t\t\t\t\t<div class=\"elementor-column elementor-col-50 elementor-inner-column elementor-element elementor-element-46d6725\" data-id=\"46d6725\" data-element_type=\"column\">\n\t\t\t<div class=\"elementor-widget-wrap elementor-element-populated\">\n\t\t\t\t\t\t<div class=\"elementor-element elementor-element-db00e94 elementor-widget elementor-widget-elementskit-image-hover-effect\" data-id=\"db00e94\" data-element_type=\"widget\" data-settings=\"{&quot;ekit_we_effect_on&quot;:&quot;none&quot;}\" data-widget_type=\"elementskit-image-hover-effect.default\">\n\t\t\t\t<div class=\"elementor-widget-container\">\n\t\t\t<div class=\"ekit-wid-con\" >\t\t\t<div class=\"ekit_image_hover\">\n\t\t\t\t<div class=\"ekit_creative_image_hover ekit_image_blind ekit_image_blind_horizontal\">\n\t\t\t\t\t<div class=\"ekit_overlay_inner\"><\/div>\n\t\t\t\t\t<a class=\"ekit-wrapper-link\" href=\"https:\/\/alpesformations.fr\/entreprises\/formation-en-prevention\/formation-equipements-de-protections-individuelles\/\"><\/a>\t\t\t\t\t<div class=\"ekit_image_caption ekit_text_none  elementor-animation-shrink\" >\n\t\t\t\t\t\t<h2 class=\"ekit_image_caption_title   \" data-settings=\"{&quot;_animation&quot;:&quot;&quot;}\">\n\t\t\t\t\t\t\tFormation \u00c9quipements de Protections Individuelles\t\t\t\t\t\t<\/h2>\n\t\t\t\t\t\t<p class=\"ekit_image_caption_description   \" data-settings=\"{&quot;_animation&quot;:&quot;&quot;}\">\n\t\t\t\t\t\t\t\t\t\t\t\t\t<\/p>\n\t\t\t\t\t\t\t\t\n\t\t\t\t\t<\/div>\t\t\t\n\t\t\t\t<\/div>\n\t\t\t\t<img decoding=\"async\" src=\"https:\/\/alpesformations.fr\/entreprises\/wp-content\/uploads\/elementor\/thumbs\/formation-epi-quyrqf9uftuu9od22ag3tb59zde3rofcir6hq2qg28.webp\" title=\"formation-epi\" alt=\"formation-epi\" loading=\"lazy\" \/>\t\t\t<\/div>\n\t\t<\/div>\t\t<\/div>\n\t\t\t\t<\/div>\n\t\t\t\t\t<\/div>\n\t\t<\/div>\n\t\t\t\t<div class=\"elementor-column elementor-col-50 elementor-inner-column elementor-element elementor-element-043e273\" data-id=\"043e273\" data-element_type=\"column\">\n\t\t\t<div class=\"elementor-widget-wrap elementor-element-populated\">\n\t\t\t\t\t\t<div class=\"elementor-element elementor-element-87e869c elementor-widget elementor-widget-elementskit-image-hover-effect\" data-id=\"87e869c\" data-element_type=\"widget\" data-settings=\"{&quot;ekit_we_effect_on&quot;:&quot;none&quot;}\" data-widget_type=\"elementskit-image-hover-effect.default\">\n\t\t\t\t<div class=\"elementor-widget-container\">\n\t\t\t<div class=\"ekit-wid-con\" >\t\t\t<div class=\"ekit_image_hover\">\n\t\t\t\t<div class=\"ekit_creative_image_hover ekit_image_blind ekit_image_blind_horizontal\">\n\t\t\t\t\t<div class=\"ekit_overlay_inner\"><\/div>\n\t\t\t\t\t<a class=\"ekit-wrapper-link\" href=\"https:\/\/alpesformations.fr\/entreprises\/formation-en-prevention\/formation-incendie-equipier-de-premiere-intervention\/\"><\/a>\t\t\t\t\t<div class=\"ekit_image_caption ekit_text_none  elementor-animation-shrink\" >\n\t\t\t\t\t\t<h2 class=\"ekit_image_caption_title   \" data-settings=\"{&quot;_animation&quot;:&quot;&quot;}\">\n\t\t\t\t\t\t\tFORMATION INCENDIE \u2013 \u00c9QUIPIER DE PREMI\u00c8RE INTERVENTION\t\t\t\t\t\t<\/h2>\n\t\t\t\t\t\t<p class=\"ekit_image_caption_description   \" data-settings=\"{&quot;_animation&quot;:&quot;&quot;}\">\n\t\t\t\t\t\t\t\t\t\t\t\t\t<\/p>\n\t\t\t\t\t\t\t\t\n\t\t\t\t\t<\/div>\t\t\t\n\t\t\t\t<\/div>\n\t\t\t\t<img decoding=\"async\" src=\"https:\/\/alpesformations.fr\/entreprises\/wp-content\/uploads\/elementor\/thumbs\/formation-incendie-quyrqg7omnw4labowsuqdswqkr9gzdj2uvtz7cp1w0.webp\" title=\"formation-incendie\" alt=\"formation-incendie\" loading=\"lazy\" \/>\t\t\t<\/div>\n\t\t<\/div>\t\t<\/div>\n\t\t\t\t<\/div>\n\t\t\t\t\t<\/div>\n\t\t<\/div>\n\t\t\t\t\t<\/div>\n\t\t<\/section>\n\t\t\t\t<section class=\"wd-negative-gap elementor-section elementor-inner-section elementor-element elementor-element-f28be11 elementor-section-boxed elementor-section-height-default elementor-section-height-default wd-section-disabled\" data-id=\"f28be11\" data-element_type=\"section\" data-settings=\"{&quot;ekit_has_onepagescroll_dot&quot;:&quot;yes&quot;}\">\n\t\t\t\t\t\t<div class=\"elementor-container elementor-column-gap-default\">\n\t\t\t\t\t<div class=\"elementor-column elementor-col-50 elementor-inner-column elementor-element elementor-element-c639172\" data-id=\"c639172\" data-element_type=\"column\">\n\t\t\t<div class=\"elementor-widget-wrap elementor-element-populated\">\n\t\t\t\t\t\t<div class=\"elementor-element elementor-element-ef022d6 elementor-widget elementor-widget-elementskit-image-hover-effect\" data-id=\"ef022d6\" data-element_type=\"widget\" data-settings=\"{&quot;ekit_we_effect_on&quot;:&quot;none&quot;}\" data-widget_type=\"elementskit-image-hover-effect.default\">\n\t\t\t\t<div class=\"elementor-widget-container\">\n\t\t\t<div class=\"ekit-wid-con\" >\t\t\t<div class=\"ekit_image_hover\">\n\t\t\t\t<div class=\"ekit_creative_image_hover ekit_image_blind ekit_image_blind_horizontal\">\n\t\t\t\t\t<div class=\"ekit_overlay_inner\"><\/div>\n\t\t\t\t\t<a class=\"ekit-wrapper-link\" href=\"https:\/\/alpesformations.fr\/entreprises\/formation-en-prevention\/a-lencadrement-a-laccueil-et-a-la-formation-a-la-securite-des-nouveaux-arrivants\/\"><\/a>\t\t\t\t\t<div class=\"ekit_image_caption ekit_text_none  elementor-animation-shrink\" >\n\t\t\t\t\t\t<h2 class=\"ekit_image_caption_title   \" data-settings=\"{&quot;_animation&quot;:&quot;&quot;}\">\n\t\t\t\t\t\t\tformation \u00c0 L\u2019ENCADREMENT \u00c0 L\u2019ACCUEIL ET \u00c0 LA FORMATION \u00c0 LA S\u00c9CURIT\u00c9 DES NOUVEAUX ARRIVANTS\t\t\t\t\t\t<\/h2>\n\t\t\t\t\t\t<p class=\"ekit_image_caption_description   \" data-settings=\"{&quot;_animation&quot;:&quot;&quot;}\">\n\t\t\t\t\t\t\t\t\t\t\t\t\t<\/p>\n\t\t\t\t\t\t\t\t\n\t\t\t\t\t<\/div>\t\t\t\n\t\t\t\t<\/div>\n\t\t\t\t<img decoding=\"async\" src=\"https:\/\/alpesformations.fr\/entreprises\/wp-content\/uploads\/elementor\/thumbs\/AdobeStock_81931264-scaled-1-quyrq4xmcngopys2qnz7jvr7g4t2f0aatc05g15ryo.jpeg\" title=\"Formation\" alt=\"Formation\" loading=\"lazy\" \/>\t\t\t<\/div>\n\t\t<\/div>\t\t<\/div>\n\t\t\t\t<\/div>\n\t\t\t\t\t<\/div>\n\t\t<\/div>\n\t\t\t\t<div class=\"elementor-column elementor-col-50 elementor-inner-column elementor-element elementor-element-557ee8e\" data-id=\"557ee8e\" data-element_type=\"column\">\n\t\t\t<div class=\"elementor-widget-wrap\">\n\t\t\t\t\t\t\t<\/div>\n\t\t<\/div>\n\t\t\t\t\t<\/div>\n\t\t<\/section>\n\t\t\t\t\t<\/div>\n\t\t<\/div>\n\t\t\t\t\t<\/div>\n\t\t<\/section>\n\t\t\t\t<\/div>\n\t\t","protected":false},"excerpt":{"rendered":"<p>Formation en pr\u00e9vention FORMATION AU DOCUMENT UNIQUE Formation Document Unique et Audit Formation R\u00e9f\u00e9rent Sant\u00e9 et S\u00e9curit\u00e9 au Travail Formation<\/p>\n","protected":false},"author":1,"featured_media":0,"parent":0,"menu_order":0,"comment_status":"closed","ping_status":"closed","template":"","meta":{"footnotes":""},"class_list":["post-13108","page","type-page","status-publish","hentry"],"_links":{"self":[{"href":"https:\/\/alpesformations.fr\/entreprises\/wp-json\/wp\/v2\/pages\/13108","targetHints":{"allow":["GET"]}}],"collection":[{"href":"https:\/\/alpesformations.fr\/entreprises\/wp-json\/wp\/v2\/pages"}],"about":[{"href":"https:\/\/alpesformations.fr\/entreprises\/wp-json\/wp\/v2\/types\/page"}],"author":[{"embeddable":true,"href":"https:\/\/alpesformations.fr\/entreprises\/wp-json\/wp\/v2\/users\/1"}],"replies":[{"embeddable":true,"href":"https:\/\/alpesformations.fr\/entreprises\/wp-json\/wp\/v2\/comments?post=13108"}],"version-history":[{"count":40,"href":"https:\/\/alpesformations.fr\/entreprises\/wp-json\/wp\/v2\/pages\/13108\/revisions"}],"predecessor-version":[{"id":15129,"href":"https:\/\/alpesformations.fr\/entreprises\/wp-json\/wp\/v2\/pages\/13108\/revisions\/15129"}],"wp:attachment":[{"href":"https:\/\/alpesformations.fr\/entreprises\/wp-json\/wp\/v2\/media?parent=13108"}],"curies":[{"name":"wp","href":"https:\/\/api.w.org\/{rel}","templated":true}]}}