{"id":13147,"date":"2024-06-25T16:10:56","date_gmt":"2024-06-25T14:10:56","guid":{"rendered":"https:\/\/alpesformations.fr\/entreprises\/?page_id=13147"},"modified":"2025-09-04T17:01:17","modified_gmt":"2025-09-04T15:01:17","slug":"formation-bien-etre-au-travail","status":"publish","type":"page","link":"https:\/\/alpesformations.fr\/entreprises\/formation-bien-etre-au-travail\/","title":{"rendered":"FORMATION BIEN-\u00caTRE AU TRAVAIL"},"content":{"rendered":"\t\t<div data-elementor-type=\"wp-page\" data-elementor-id=\"13147\" class=\"elementor elementor-13147\">\n\t\t\t\t\t\t<section class=\"wd-negative-gap elementor-section elementor-top-section elementor-element elementor-element-1baad03 elementor-section-content-middle wd-section-stretch elementor-reverse-mobile elementor-section-boxed elementor-section-height-default elementor-section-height-default\" data-id=\"1baad03\" data-element_type=\"section\" data-settings=\"{&quot;background_background&quot;:&quot;classic&quot;,&quot;ekit_has_onepagescroll_dot&quot;:&quot;yes&quot;}\">\n\t\t\t\t\t\t<div class=\"elementor-container elementor-column-gap-wider\">\n\t\t\t\t\t<div class=\"elementor-column elementor-col-100 elementor-top-column elementor-element elementor-element-79ee0c5e wd_sticky_offset_50 wd-elementor-sticky-column\" data-id=\"79ee0c5e\" data-element_type=\"column\">\n\t\t\t<div class=\"elementor-widget-wrap elementor-element-populated\">\n\t\t\t\t\t\t<div class=\"elementor-element elementor-element-616250f9 elementor-widget__width-auto elementor-widget elementor-widget-wd_infobox\" data-id=\"616250f9\" data-element_type=\"widget\" data-settings=\"{&quot;ekit_we_effect_on&quot;:&quot;none&quot;}\" data-widget_type=\"wd_infobox.default\">\n\t\t\t\t<div class=\"elementor-widget-container\">\n\t\t\t\t\t\t<link rel=\"stylesheet\" id=\"wd-info-box-css\" href=\"https:\/\/alpesformations.fr\/entreprises\/wp-content\/themes\/woodmart\/css\/parts\/el-info-box.min.css?ver=7.3.2\" type=\"text\/css\" media=\"all\" \/> \t\t\t\t\t<div class=\"info-box-wrapper\">\n\t\t\t<div class=\"wd-info-box text-left box-icon-align-left box-style-base color-scheme- wd-items-middle\"  style=\"\">\n\t\t\t\t\t\t\t\t\t<div class=\"box-icon-wrapper  box-with-icon box-icon-simple\">\n\t\t\t\t\t\t<div class=\"info-box-icon\">\n\t\t\t\t\t\t\t\t\t\t\t\t\t\t\t<img decoding=\"async\" width=\"30\" height=\"30\" src=\"https:\/\/alpesformations.fr\/entreprises\/wp-content\/uploads\/2024\/06\/alpes-formation-icon-1-30x30.png\" class=\"attachment-x30 size-x30\" alt=\"\" srcset=\"https:\/\/alpesformations.fr\/entreprises\/wp-content\/uploads\/2024\/06\/alpes-formation-icon-1-30x30.png 30w, https:\/\/alpesformations.fr\/entreprises\/wp-content\/uploads\/2024\/06\/alpes-formation-icon-1-300x300.png 300w, https:\/\/alpesformations.fr\/entreprises\/wp-content\/uploads\/2024\/06\/alpes-formation-icon-1-150x150.png 150w, https:\/\/alpesformations.fr\/entreprises\/wp-content\/uploads\/2024\/06\/alpes-formation-icon-1.png 677w\" sizes=\"(max-width: 30px) 100vw, 30px\" \/>\t\t\t\t\t\t\t\t\t\t\t\t\t<\/div>\n\t\t\t\t\t<\/div>\n\t\t\t\t\n\t\t\t\t<div class=\"info-box-content\">\n\t\t\t\t\t\n\t\t\t\t\t\t\t\t\t\t\t<h1\t\t\t\t\t\tclass=\"info-box-title title box-title-style-default wd-fontsize-m\" data-elementor-setting-key=\"title\">\n\t\t\t\t\t\t\t\tFormation bien-\u00eatre au travail\t\t\t\t\t\t<\/h1>\n\t\t\t\t\t\n\t\t\t\t\t<div class=\"info-box-inner set-cont-mb-s reset-last-child\"data-elementor-setting-key=\"content\"><\/div>\n\t\n\t\t\t\t\t\t\t\t\t<\/div>\n\t\t\t<\/div>\n\t\t<\/div>\n\t\t\t\t<\/div>\n\t\t\t\t<\/div>\n\t\t\t\t<div class=\"elementor-element elementor-element-1d9d45d8 elementor-widget__width-initial elementor-widget-divider--view-line elementor-widget elementor-widget-divider\" data-id=\"1d9d45d8\" data-element_type=\"widget\" data-settings=\"{&quot;ekit_we_effect_on&quot;:&quot;none&quot;}\" data-widget_type=\"divider.default\">\n\t\t\t\t<div class=\"elementor-widget-container\">\n\t\t\t\t\t<div class=\"elementor-divider\">\n\t\t\t<span class=\"elementor-divider-separator\">\n\t\t\t\t\t\t<\/span>\n\t\t<\/div>\n\t\t\t\t<\/div>\n\t\t\t\t<\/div>\n\t\t\t\t\t<\/div>\n\t\t<\/div>\n\t\t\t\t\t<\/div>\n\t\t<\/section>\n\t\t\t\t<section class=\"wd-negative-gap elementor-section elementor-top-section elementor-element elementor-element-f4ed129 elementor-section-content-middle wd-section-stretch elementor-reverse-mobile elementor-section-boxed elementor-section-height-default elementor-section-height-default\" data-id=\"f4ed129\" data-element_type=\"section\" data-settings=\"{&quot;background_background&quot;:&quot;classic&quot;,&quot;ekit_has_onepagescroll_dot&quot;:&quot;yes&quot;}\">\n\t\t\t\t\t\t<div class=\"elementor-container elementor-column-gap-wider\">\n\t\t\t\t\t<div class=\"elementor-column elementor-col-100 elementor-top-column elementor-element elementor-element-7b2cdacf wd_sticky_offset_50 wd-elementor-sticky-column\" data-id=\"7b2cdacf\" data-element_type=\"column\">\n\t\t\t<div class=\"elementor-widget-wrap elementor-element-populated\">\n\t\t\t\t\t\t<section class=\"wd-negative-gap elementor-section elementor-inner-section elementor-element elementor-element-7e3ed6b4 elementor-section-boxed elementor-section-height-default elementor-section-height-default wd-section-disabled\" data-id=\"7e3ed6b4\" data-element_type=\"section\" data-settings=\"{&quot;ekit_has_onepagescroll_dot&quot;:&quot;yes&quot;}\">\n\t\t\t\t\t\t<div class=\"elementor-container elementor-column-gap-default\">\n\t\t\t\t\t<div class=\"elementor-column elementor-col-50 elementor-inner-column elementor-element elementor-element-6f07605f\" data-id=\"6f07605f\" data-element_type=\"column\">\n\t\t\t<div class=\"elementor-widget-wrap elementor-element-populated\">\n\t\t\t\t\t\t<div class=\"elementor-element elementor-element-6a4d379e elementor-widget elementor-widget-elementskit-image-hover-effect\" data-id=\"6a4d379e\" data-element_type=\"widget\" data-settings=\"{&quot;ekit_we_effect_on&quot;:&quot;none&quot;}\" data-widget_type=\"elementskit-image-hover-effect.default\">\n\t\t\t\t<div class=\"elementor-widget-container\">\n\t\t\t<div class=\"ekit-wid-con\" >\t\t\t<div class=\"ekit_image_hover\">\n\t\t\t\t<div class=\"ekit_creative_image_hover ekit_image_blind ekit_image_blind_horizontal\">\n\t\t\t\t\t<div class=\"ekit_overlay_inner\"><\/div>\n\t\t\t\t\t<a class=\"ekit-wrapper-link\" href=\"https:\/\/alpesformations.fr\/entreprises\/formation-bien-etre-au-travail\/formation-cohesion-dequipe\/\"><\/a>\t\t\t\t\t<div class=\"ekit_image_caption ekit_text_none  elementor-animation-shrink\" >\n\t\t\t\t\t\t<h2 class=\"ekit_image_caption_title   \" data-settings=\"{&quot;_animation&quot;:&quot;&quot;}\">\n\t\t\t\t\t\t\tFORMATION COH\u00c9SION  D\u2019\u00c9QUIPE\t\t\t\t\t\t<\/h2>\n\t\t\t\t\t\t<p class=\"ekit_image_caption_description   \" data-settings=\"{&quot;_animation&quot;:&quot;&quot;}\">\n\t\t\t\t\t\t\t\t\t\t\t\t\t<\/p>\n\t\t\t\t\t\t\t\t\n\t\t\t\t\t<\/div>\t\t\t\n\t\t\t\t<\/div>\n\t\t\t\t<img decoding=\"async\" src=\"https:\/\/alpesformations.fr\/entreprises\/wp-content\/uploads\/elementor\/thumbs\/creative-team-qpnhnm053b2iy37x0nx2zpm8xz35hfblljtt64rxe8.jpg\" title=\"creative-team\" alt=\"creative-team\" loading=\"lazy\" \/>\t\t\t<\/div>\n\t\t<\/div>\t\t<\/div>\n\t\t\t\t<\/div>\n\t\t\t\t\t<\/div>\n\t\t<\/div>\n\t\t\t\t<div class=\"elementor-column elementor-col-50 elementor-inner-column elementor-element elementor-element-5625306d\" data-id=\"5625306d\" data-element_type=\"column\">\n\t\t\t<div class=\"elementor-widget-wrap elementor-element-populated\">\n\t\t\t\t\t\t<div class=\"elementor-element elementor-element-4d4f0196 elementor-widget elementor-widget-elementskit-image-hover-effect\" data-id=\"4d4f0196\" data-element_type=\"widget\" data-settings=\"{&quot;ekit_we_effect_on&quot;:&quot;none&quot;}\" data-widget_type=\"elementskit-image-hover-effect.default\">\n\t\t\t\t<div class=\"elementor-widget-container\">\n\t\t\t<div class=\"ekit-wid-con\" >\t\t\t<div class=\"ekit_image_hover\">\n\t\t\t\t<div class=\"ekit_creative_image_hover ekit_image_blind ekit_image_blind_horizontal\">\n\t\t\t\t\t<div class=\"ekit_overlay_inner\"><\/div>\n\t\t\t\t\t<a class=\"ekit-wrapper-link\" href=\"https:\/\/alpesformations.fr\/entreprises\/formation-bien-etre-au-travail\/formation-performances-et-sante-au-travail-2\/\"><\/a>\t\t\t\t\t<div class=\"ekit_image_caption ekit_text_none  elementor-animation-shrink\" >\n\t\t\t\t\t\t<h2 class=\"ekit_image_caption_title   \" data-settings=\"{&quot;_animation&quot;:&quot;&quot;}\">\n\t\t\t\t\t\t\tFORMATION PERFORMANCES ET SANT\u00c9 AU TRAVAIL\t\t\t\t\t\t<\/h2>\n\t\t\t\t\t\t<p class=\"ekit_image_caption_description   \" data-settings=\"{&quot;_animation&quot;:&quot;&quot;}\">\n\t\t\t\t\t\t\t\t\t\t\t\t\t<\/p>\n\t\t\t\t\t\t\t\t\n\t\t\t\t\t<\/div>\t\t\t\n\t\t\t\t<\/div>\n\t\t\t\t<img decoding=\"async\" src=\"https:\/\/alpesformations.fr\/entreprises\/wp-content\/uploads\/elementor\/thumbs\/doctor-is-consulting-with-patient-about-his-health-on-working-desk-quysza4kl79gbr7e4oh5szn6jcap3oi7cryo7g834g.jpg\" title=\"doctor-is-consulting-with-patient-about-his-health-on-working-desk\" alt=\"doctor-is-consulting-with-patient-about-his-health-on-working-desk\" loading=\"lazy\" \/>\t\t\t<\/div>\n\t\t<\/div>\t\t<\/div>\n\t\t\t\t<\/div>\n\t\t\t\t\t<\/div>\n\t\t<\/div>\n\t\t\t\t\t<\/div>\n\t\t<\/section>\n\t\t\t\t<section class=\"wd-negative-gap elementor-section elementor-inner-section elementor-element elementor-element-1fe7f878 elementor-section-boxed elementor-section-height-default elementor-section-height-default wd-section-disabled\" data-id=\"1fe7f878\" data-element_type=\"section\" data-settings=\"{&quot;ekit_has_onepagescroll_dot&quot;:&quot;yes&quot;}\">\n\t\t\t\t\t\t<div class=\"elementor-container elementor-column-gap-default\">\n\t\t\t\t\t<div class=\"elementor-column elementor-col-50 elementor-inner-column elementor-element elementor-element-1e7dc845\" data-id=\"1e7dc845\" data-element_type=\"column\">\n\t\t\t<div class=\"elementor-widget-wrap elementor-element-populated\">\n\t\t\t\t\t\t<div class=\"elementor-element elementor-element-4071e0f6 elementor-widget elementor-widget-elementskit-image-hover-effect\" data-id=\"4071e0f6\" data-element_type=\"widget\" data-settings=\"{&quot;ekit_we_effect_on&quot;:&quot;none&quot;}\" data-widget_type=\"elementskit-image-hover-effect.default\">\n\t\t\t\t<div class=\"elementor-widget-container\">\n\t\t\t<div class=\"ekit-wid-con\" >\t\t\t<div class=\"ekit_image_hover\">\n\t\t\t\t<div class=\"ekit_creative_image_hover ekit_image_blind ekit_image_blind_horizontal\">\n\t\t\t\t\t<div class=\"ekit_overlay_inner\"><\/div>\n\t\t\t\t\t<a class=\"ekit-wrapper-link\" href=\"https:\/\/alpesformations.fr\/entreprises\/formation-bien-etre-au-travail\/risques-psychosociaux-rps-prevenir-et-reduire-les-rps\/\"><\/a>\t\t\t\t\t<div class=\"ekit_image_caption ekit_text_none  elementor-animation-shrink\" >\n\t\t\t\t\t\t<h2 class=\"ekit_image_caption_title   \" data-settings=\"{&quot;_animation&quot;:&quot;&quot;}\">\n\t\t\t\t\t\t\tRISQUES PSYCHOSOCIAUX (RPS) PR\u00c9VENIR ET R\u00c9DUIRE LES RPS\t\t\t\t\t\t<\/h2>\n\t\t\t\t\t\t<p class=\"ekit_image_caption_description   \" data-settings=\"{&quot;_animation&quot;:&quot;&quot;}\">\n\t\t\t\t\t\t\t\t\t\t\t\t\t<\/p>\n\t\t\t\t\t\t\t\t\n\t\t\t\t\t<\/div>\t\t\t\n\t\t\t\t<\/div>\n\t\t\t\t<img decoding=\"async\" src=\"https:\/\/alpesformations.fr\/entreprises\/wp-content\/uploads\/elementor\/thumbs\/job-interview-for-a-business-woman-at-a-hiring-company-talking-to-the-hr-manager-about-the-role-or-3-quysznab8vrguao9zu5xrwbmuqhu3fyg2l3gxbokpc.jpg\" title=\"job-interview-for-a-business-woman-at-a-hiring-company-talking-to-the-hr-manager-about-the-role-or\" alt=\"job-interview-for-a-business-woman-at-a-hiring-company-talking-to-the-hr-manager-about-the-role-or\" loading=\"lazy\" \/>\t\t\t<\/div>\n\t\t<\/div>\t\t<\/div>\n\t\t\t\t<\/div>\n\t\t\t\t\t<\/div>\n\t\t<\/div>\n\t\t\t\t<div class=\"elementor-column elementor-col-50 elementor-inner-column elementor-element elementor-element-79c86dfe\" data-id=\"79c86dfe\" data-element_type=\"column\">\n\t\t\t<div class=\"elementor-widget-wrap elementor-element-populated\">\n\t\t\t\t\t\t<div class=\"elementor-element elementor-element-6d70748 elementor-widget elementor-widget-elementskit-image-hover-effect\" data-id=\"6d70748\" data-element_type=\"widget\" data-settings=\"{&quot;ekit_we_effect_on&quot;:&quot;none&quot;}\" data-widget_type=\"elementskit-image-hover-effect.default\">\n\t\t\t\t<div class=\"elementor-widget-container\">\n\t\t\t<div class=\"ekit-wid-con\" >\t\t\t<div class=\"ekit_image_hover\">\n\t\t\t\t<div class=\"ekit_creative_image_hover ekit_image_blind ekit_image_blind_horizontal\">\n\t\t\t\t\t<div class=\"ekit_overlay_inner\"><\/div>\n\t\t\t\t\t<a class=\"ekit-wrapper-link\" href=\"https:\/\/alpesformations.fr\/entreprises\/formation-bien-etre-au-travail\/intelligence-collective\/\"><\/a>\t\t\t\t\t<div class=\"ekit_image_caption ekit_text_none  elementor-animation-shrink\" >\n\t\t\t\t\t\t<h2 class=\"ekit_image_caption_title   \" data-settings=\"{&quot;_animation&quot;:&quot;&quot;}\">\n\t\t\t\t\t\t\tIntelligence collective\t\t\t\t\t\t<\/h2>\n\t\t\t\t\t\t<p class=\"ekit_image_caption_description   \" data-settings=\"{&quot;_animation&quot;:&quot;&quot;}\">\n\t\t\t\t\t\t\t\t\t\t\t\t\t<\/p>\n\t\t\t\t\t\t\t\t\n\t\t\t\t\t<\/div>\t\t\t\n\t\t\t\t<\/div>\n\t\t\t\t<img decoding=\"async\" src=\"https:\/\/alpesformations.fr\/entreprises\/wp-content\/uploads\/elementor\/thumbs\/young-business-people-in-modern-office-2025-02-21-13-57-12-utc-scaled-rb9les4zwmd8ikatz4ln9mxpmhmy3leo8tvgclot00.jpg\" title=\"Young business people in modern office\" alt=\"Multiracial business people working together in the office\" loading=\"lazy\" \/>\t\t\t<\/div>\n\t\t<\/div>\t\t<\/div>\n\t\t\t\t<\/div>\n\t\t\t\t\t<\/div>\n\t\t<\/div>\n\t\t\t\t\t<\/div>\n\t\t<\/section>\n\t\t\t\t\t<\/div>\n\t\t<\/div>\n\t\t\t\t\t<\/div>\n\t\t<\/section>\n\t\t\t\t<\/div>\n\t\t","protected":false},"excerpt":{"rendered":"<p>Formation bien-\u00eatre au travail FORMATION COH\u00c9SION D\u2019\u00c9QUIPE FORMATION PERFORMANCES ET SANT\u00c9 AU TRAVAIL RISQUES PSYCHOSOCIAUX (RPS) PR\u00c9VENIR ET R\u00c9DUIRE LES<\/p>\n","protected":false},"author":1,"featured_media":0,"parent":0,"menu_order":0,"comment_status":"closed","ping_status":"closed","template":"","meta":{"footnotes":""},"class_list":["post-13147","page","type-page","status-publish","hentry"],"_links":{"self":[{"href":"https:\/\/alpesformations.fr\/entreprises\/wp-json\/wp\/v2\/pages\/13147","targetHints":{"allow":["GET"]}}],"collection":[{"href":"https:\/\/alpesformations.fr\/entreprises\/wp-json\/wp\/v2\/pages"}],"about":[{"href":"https:\/\/alpesformations.fr\/entreprises\/wp-json\/wp\/v2\/types\/page"}],"author":[{"embeddable":true,"href":"https:\/\/alpesformations.fr\/entreprises\/wp-json\/wp\/v2\/users\/1"}],"replies":[{"embeddable":true,"href":"https:\/\/alpesformations.fr\/entreprises\/wp-json\/wp\/v2\/comments?post=13147"}],"version-history":[{"count":34,"href":"https:\/\/alpesformations.fr\/entreprises\/wp-json\/wp\/v2\/pages\/13147\/revisions"}],"predecessor-version":[{"id":15511,"href":"https:\/\/alpesformations.fr\/entreprises\/wp-json\/wp\/v2\/pages\/13147\/revisions\/15511"}],"wp:attachment":[{"href":"https:\/\/alpesformations.fr\/entreprises\/wp-json\/wp\/v2\/media?parent=13147"}],"curies":[{"name":"wp","href":"https:\/\/api.w.org\/{rel}","templated":true}]}}